{"id":15,"date":"2024-03-25T00:00:39","date_gmt":"2024-03-24T23:00:39","guid":{"rendered":"https:\/\/psycholog.olecko.pl\/?page_id=15"},"modified":"2024-04-11T22:40:14","modified_gmt":"2024-04-11T20:40:14","slug":"cennik","status":"publish","type":"page","link":"https:\/\/psycholog.olecko.pl\/?page_id=15","title":{"rendered":"Cennik"},"content":{"rendered":"\n<figure class=\"wp-block-table\"><table><tbody><tr><td>Psychologia transportu<\/td><td>150<\/td><td>z\u0142<\/td><\/tr><tr><td>Medycyna pracy<\/td><td>100<\/td><td>z\u0142<\/td><\/tr><tr><td>Ciemnia<\/td><td>50<\/td><td>z\u0142<\/td><\/tr><\/tbody><\/table><\/figure>\n\n\n\n<figure class=\"wp-block-image size-large\"><img loading=\"lazy\" decoding=\"async\" width=\"1024\" height=\"576\" src=\"https:\/\/psycholog.olecko.pl\/wp-content\/uploads\/2024\/03\/Contact-1-1024x576.png\" alt=\"\" class=\"wp-image-55\" srcset=\"https:\/\/psycholog.olecko.pl\/wp-content\/uploads\/2024\/03\/Contact-1-1024x576.png 1024w, https:\/\/psycholog.olecko.pl\/wp-content\/uploads\/2024\/03\/Contact-1-300x169.png 300w, https:\/\/psycholog.olecko.pl\/wp-content\/uploads\/2024\/03\/Contact-1-768x432.png 768w, https:\/\/psycholog.olecko.pl\/wp-content\/uploads\/2024\/03\/Contact-1.png 1366w\" sizes=\"auto, (max-width: 1024px) 100vw, 1024px\" \/><\/figure>\n","protected":false},"excerpt":{"rendered":"<p>Psychologia transportu 150 z\u0142 Medycyna pracy 100 z\u0142 Ciemnia 50 z\u0142<\/p>\n","protected":false},"author":1,"featured_media":0,"parent":0,"menu_order":0,"comment_status":"closed","ping_status":"closed","template":"","meta":{"footnotes":""},"class_list":["post-15","page","type-page","status-publish","hentry"],"_links":{"self":[{"href":"https:\/\/psycholog.olecko.pl\/index.php?rest_route=\/wp\/v2\/pages\/15","targetHints":{"allow":["GET"]}}],"collection":[{"href":"https:\/\/psycholog.olecko.pl\/index.php?rest_route=\/wp\/v2\/pages"}],"about":[{"href":"https:\/\/psycholog.olecko.pl\/index.php?rest_route=\/wp\/v2\/types\/page"}],"author":[{"embeddable":true,"href":"https:\/\/psycholog.olecko.pl\/index.php?rest_route=\/wp\/v2\/users\/1"}],"replies":[{"embeddable":true,"href":"https:\/\/psycholog.olecko.pl\/index.php?rest_route=%2Fwp%2Fv2%2Fcomments&post=15"}],"version-history":[{"count":4,"href":"https:\/\/psycholog.olecko.pl\/index.php?rest_route=\/wp\/v2\/pages\/15\/revisions"}],"predecessor-version":[{"id":87,"href":"https:\/\/psycholog.olecko.pl\/index.php?rest_route=\/wp\/v2\/pages\/15\/revisions\/87"}],"wp:attachment":[{"href":"https:\/\/psycholog.olecko.pl\/index.php?rest_route=%2Fwp%2Fv2%2Fmedia&parent=15"}],"curies":[{"name":"wp","href":"https:\/\/api.w.org\/{rel}","templated":true}]}}